{"id":13929,"date":"2024-04-30T07:00:26","date_gmt":"2024-04-30T07:00:26","guid":{"rendered":"https:\/\/rigasymphony.lv\/?page_id=13929"},"modified":"2025-10-10T17:10:25","modified_gmt":"2025-10-10T14:10:25","slug":"par-maksajumiem","status":"publish","type":"page","link":"https:\/\/rigasymphony.lv\/lv\/par-maksajumiem\/","title":{"rendered":"Par maks\u0101jumiem"},"content":{"rendered":"<p>Iesp\u0113jam\u0101s maks\u0101jumu iesp\u0113jas<br \/>\nJ\u016bs varat samaks\u0101t par pirkumu:<br \/>\nar maks\u0101jumu karti<br \/>\ncaur internetbanku<br \/>\nar p\u0101rskait\u012bjumu uz m\u016bsu kontu<br \/>\nMaks\u0101jums ar maks\u0101jumu karti<br \/>\nmaks\u0101jums tiek veikts, veicot pirkumu tie\u0161saist\u0113 internet\u0101 ar \u0161\u0101d\u0101m maks\u0101jumu kart\u0113m:<br \/>\nMaks\u0101jums ar internetbankas starpniec\u012bbu<\/p>\n<p>Pas\u016bt\u012bto pre\u010du apmaksa Internetbank\u0101. P\u0113c pas\u016bt\u012bjuma apstiprin\u0101\u0161anas j\u016bs tiksiet novirz\u012bts uz internetbankas t\u012bmek\u013ca vietni. Maks\u0101juma r\u012bkojums tiks \u0123ener\u0113ts autom\u0101tiski.<\/p>\n<p>Maks\u0101jums ar bankas p\u0101rskait\u012bjumu<\/p>\n<p>Maks\u0101jumu ar p\u0101rskait\u012bjumu var veikt jebkur\u0101 bank\u0101. Fiziskai personai, veicot maks\u0101jumu, ail\u0113 \"Piez\u012bmes\" j\u0101nor\u0101da r\u012bkojuma numurs.  Pirkums tiks uzskat\u012bts par apmaks\u0101tu p\u0113c tam, kad nauda tiks ieskait\u012bta interneta veikala nor\u0113\u0137inu kont\u0101. Pas\u016bt\u012bt\u0101 prece tiek rezerv\u0113ta noliktav\u0101 l\u012bdz br\u012bdim, kad tiek sa\u0146emti naudas l\u012bdzek\u013ci.<\/p>","protected":false},"excerpt":{"rendered":"<p>Iesp\u0113jamie nor\u0113\u0137inu veidi J\u016bs varat nor\u0113\u0137in\u0101ties par pirkumu: ar maks\u0101jumu karti, izmantojot internetbanku ar p\u0101rskait\u012bjumu uz m\u016bsu kontu Maks\u0101jums ar maks\u0101jumu karti Maks\u0101jums tiek veikts, veicot pirkumu tie\u0161saist\u0113 internet\u0101 ar \u0161\u0101d\u0101m maks\u0101jumu kart\u0113m: Maks\u0101jums ar internetbanku Pas\u016bt\u012bt\u0101s preces apmaksa internetbank\u0101. P\u0113c ... <a title=\"Par maks\u0101jumiem\" class=\"read-more\" href=\"https:\/\/rigasymphony.lv\/lv\/par-maksajumiem\/\" aria-label=\"Uzzin\u0101t vair\u0101k par Par maks\u0101jumiem\">Las\u012bt t\u0101l\u0101k<\/a><\/p>","protected":false},"author":1,"featured_media":0,"parent":0,"menu_order":0,"comment_status":"closed","ping_status":"closed","template":"","meta":{"_acf_changed":false,"footnotes":""},"class_list":["post-13929","page","type-page","status-publish"],"acf":[],"_links":{"self":[{"href":"https:\/\/rigasymphony.lv\/lv\/wp-json\/wp\/v2\/pages\/13929","targetHints":{"allow":["GET"]}}],"collection":[{"href":"https:\/\/rigasymphony.lv\/lv\/wp-json\/wp\/v2\/pages"}],"about":[{"href":"https:\/\/rigasymphony.lv\/lv\/wp-json\/wp\/v2\/types\/page"}],"author":[{"embeddable":true,"href":"https:\/\/rigasymphony.lv\/lv\/wp-json\/wp\/v2\/users\/1"}],"replies":[{"embeddable":true,"href":"https:\/\/rigasymphony.lv\/lv\/wp-json\/wp\/v2\/comments?post=13929"}],"version-history":[{"count":0,"href":"https:\/\/rigasymphony.lv\/lv\/wp-json\/wp\/v2\/pages\/13929\/revisions"}],"wp:attachment":[{"href":"https:\/\/rigasymphony.lv\/lv\/wp-json\/wp\/v2\/media?parent=13929"}],"curies":[{"name":"wp","href":"https:\/\/api.w.org\/{rel}","templated":true}]}}