{"id":13939,"date":"2024-04-30T07:09:46","date_gmt":"2024-04-30T07:09:46","guid":{"rendered":"https:\/\/rigasymphony.lv\/?page_id=13939"},"modified":"2025-10-10T17:10:24","modified_gmt":"2025-10-10T14:10:24","slug":"pakalpojumu-sniegsana-un-atgriesanas-politika","status":"publish","type":"page","link":"https:\/\/rigasymphony.lv\/lv\/pakalpojumu-sniegsana-un-atgriesanas-politika\/","title":{"rendered":"Pakalpojumu snieg\u0161ana un atgrie\u0161anas politika"},"content":{"rendered":"<h4 dir=\"auto\">Ievads<\/h4>\n<p dir=\"auto\">\u0160\u012b ir m\u016bsu uz\u0146\u0113muma \"Pakalpojumu snieg\u0161anas un atgrie\u0161anas politika\", kur\u0101 izkl\u0101st\u012bti noteikumi un proced\u016bras saist\u012bb\u0101 ar pakalpojumu snieg\u0161anu un produktu atgrie\u0161anu.<\/p>\n<h4 dir=\"auto\">Pakalpojumu snieg\u0161ana<\/h4>\n<p dir=\"auto\">Sniedzot pakalpojumus, m\u0113s dar\u012bsim visu iesp\u0113jamo, lai nodro\u0161in\u0101tu augstu kvalit\u0101ti un apmierin\u0101tu klientu vajadz\u012bbas. M\u016bsu m\u0113r\u0137is ir nodro\u0161in\u0101t prec\u012bzu un savlaic\u012bgu pakalpojumu snieg\u0161anu, iev\u0113rojot klienta v\u0113lmes un pras\u012bbas. Lai garant\u0113tu efekt\u012bvu pakalpojumu snieg\u0161anu, m\u0113s iev\u0113rosim visus attiec\u012bgos ties\u012bbu aktus un noteikumus.<\/p>\n<h4 dir=\"auto\">Produkta atgrie\u0161ana<\/h4>\n<p dir=\"auto\">Produktu atgrie\u0161anas gad\u012bjum\u0101 klientam ir j\u0101sa\u0146em attiec\u012bgs maks\u0101juma apstiprin\u0101jums, un produkts ir j\u0101atgrie\u017e t\u0101d\u0101 pa\u0161\u0101 st\u0101vokl\u012b, k\u0101d\u0101 tas tika sa\u0146emts. Atgrieztus produktus, kas neatbilst nor\u0101d\u012btajiem nosac\u012bjumiem vai ir boj\u0101ti, var noraid\u012bt vai attiec\u012bgi samazin\u0101t atmaksas summu. Ja vien rakstveid\u0101 nav nor\u0101d\u012bts cit\u0101di, par produktu atgrie\u0161anas izmaks\u0101m un atbild\u012bbu par produkta dro\u0161\u012bbu un st\u0101vokli transport\u0113\u0161anas laik\u0101 atbild klients.<\/p>\n<h4 dir=\"auto\">Atbilst\u012bba politikai<\/h4>\n<p dir=\"auto\">\u0160\u012b politika attiecas uz visiem klientiem un ir sp\u0113k\u0101 visos m\u016bsu pakalpojumu un produktu snieg\u0161anas gad\u012bjumos. Uz\u0146\u0113mums patur ties\u012bbas p\u0101rskat\u012bt vai groz\u012bt \u0161o politiku p\u0113c saviem ieskatiem, pazi\u0146ojot par \u0161\u0101d\u0101m izmai\u0146\u0101m sav\u0101 t\u012bmek\u013ca vietn\u0113 vai citos publiskos inform\u0101cijas avotos.<\/p>\n<p dir=\"auto\">\u0160\u012b \"Pakalpojumu snieg\u0161anas un atgrie\u0161anas politika\" ir izstr\u0101d\u0101ta, lai nodro\u0161in\u0101tu skaidru un saprotamu sadarb\u012bbas sist\u0113mu starp uz\u0146\u0113mumu un t\u0101 klientiem. \u0160\u012b politika tiek izmantota, lai aizsarg\u0101tu gan uz\u0146\u0113muma, gan klientu intereses, nodro\u0161inot god\u012bgu un atbild\u012bgu pakalpojumu snieg\u0161anas un produktu atgrie\u0161anas procesu.<\/p>","protected":false},"excerpt":{"rendered":"<p>Introduction This is our company&#8217;s &#8220;Service Provision and Return Policy,&#8221; which outlines the terms and procedures related to the provision of services and the return of products. Service Provision During the provision of services, we will do our utmost to ensure high quality and meet customer needs. Our goal is to provide accurate and timely &#8230; <a title=\"Pakalpojumu snieg\u0161ana un atgrie\u0161anas politika\" class=\"read-more\" href=\"https:\/\/rigasymphony.lv\/lv\/pakalpojumu-sniegsana-un-atgriesanas-politika\/\" aria-label=\"Uzziniet vair\u0101k par pakalpojumu snieg\u0161anas un atgrie\u0161anas politiku\">Las\u012bt t\u0101l\u0101k<\/a><\/p>","protected":false},"author":1,"featured_media":0,"parent":0,"menu_order":0,"comment_status":"closed","ping_status":"closed","template":"","meta":{"_acf_changed":false,"footnotes":""},"class_list":["post-13939","page","type-page","status-publish"],"acf":[],"_links":{"self":[{"href":"https:\/\/rigasymphony.lv\/lv\/wp-json\/wp\/v2\/pages\/13939","targetHints":{"allow":["GET"]}}],"collection":[{"href":"https:\/\/rigasymphony.lv\/lv\/wp-json\/wp\/v2\/pages"}],"about":[{"href":"https:\/\/rigasymphony.lv\/lv\/wp-json\/wp\/v2\/types\/page"}],"author":[{"embeddable":true,"href":"https:\/\/rigasymphony.lv\/lv\/wp-json\/wp\/v2\/users\/1"}],"replies":[{"embeddable":true,"href":"https:\/\/rigasymphony.lv\/lv\/wp-json\/wp\/v2\/comments?post=13939"}],"version-history":[{"count":0,"href":"https:\/\/rigasymphony.lv\/lv\/wp-json\/wp\/v2\/pages\/13939\/revisions"}],"wp:attachment":[{"href":"https:\/\/rigasymphony.lv\/lv\/wp-json\/wp\/v2\/media?parent=13939"}],"curies":[{"name":"wp","href":"https:\/\/api.w.org\/{rel}","templated":true}]}}