{"id":218,"date":"2015-09-08T07:14:10","date_gmt":"2015-09-08T07:14:10","guid":{"rendered":"http:\/\/test.itdep.lv\/rigasyphony\/?page_id=218&#038;lang=en"},"modified":"2025-10-10T17:10:45","modified_gmt":"2025-10-10T14:10:45","slug":"par-festivalu","status":"publish","type":"page","link":"https:\/\/rigasymphony.lv\/lv\/par-festivalu\/","title":{"rendered":"Par festiv\u0101lu Riga Symphony"},"content":{"rendered":"<p><a href=\"http:\/\/rigasymphony.lv\/wp-content\/uploads\/2018\/12\/Rigas2018-6280.jpg\"><img fetchpriority=\"high\" decoding=\"async\" class=\"aligncenter size-full wp-image-5748\" src=\"http:\/\/rigasymphony.lv\/wp-content\/uploads\/2018\/12\/Rigas2018-6280.jpg\" alt=\"\" width=\"3200\" height=\"2133\" \/><\/a><\/p>\n<p style=\"text-align: justify;\">Riga Symphony ir festiv\u0101ls Latvij\u0101, kas sniedz iesp\u0113ju dal\u012bbniekiem ieg\u016bt neform\u0101lu muzik\u0101lo izgl\u012bt\u012bbu starptautisk\u0101 l\u012bmen\u012b. Starptautiskais jaunie\u0161u instrument\u0101lais un vok\u0101lais konkurss \"Riga Symphony\" notiek no 11. l\u012bdz 14. decembrim R\u012bg\u0101.<\/p>\n<p style=\"text-align: justify;\">Konkursa galvenais m\u0113r\u0137is ir kalpot par platformu jaunajiem m\u0101ksliniekiem, k\u0101 ar\u012b pal\u012bdz\u0113t att\u012bst\u012bt popul\u0101r\u0101s, tradicion\u0101l\u0101s un akad\u0113misk\u0101s m\u016bzikas \u017eanrus, stiprin\u0101t starptautisk\u0101s attiec\u012bbas un rado\u0161o sadarb\u012bbu, iesaistot \u0101rvalstu jaunie\u0161us. Festiv\u0101la laik\u0101 jaunie\u0161iem ir iesp\u0113ja iepaz\u012bt Latvijas muzik\u0101lo kult\u016bru, t\u0101s unikalit\u0101ti un bag\u0101t\u012bbu, m\u0101coties un izpildot viet\u0113j\u0101s dziesmas. Vienlaikus festiv\u0101ls kalpo k\u0101 pieredzes apmai\u0146as vieta daudziem komponistiem, jaunajiem talantiem un izpild\u012bt\u0101jiem.<\/p>\n<p>M\u016bsu m\u0113r\u0137i:<br \/>\n- Populariz\u0113t R\u012bgu k\u0101 Eiropas kult\u016bras galvaspils\u0113tu<br \/>\n- Rad\u012bt vidi, kur\u0101 jaunie\u0161i var akt\u012bvi iesaist\u012bties Latvijas kult\u016bras att\u012bst\u012bb\u0101.<br \/>\n- Att\u012bst\u012bt kult\u016bras pas\u0101kumus jaunie\u0161iem Latvij\u0101<br \/>\n- Atbalst\u012bt jaunos komponistus, dzejniekus un izpild\u012bt\u0101jus jaunie\u0161u vid\u016b.<br \/>\n- Veicin\u0101t Latvijas jaunie\u0161u integr\u0101ciju starptautisk\u0101 l\u012bmen\u012b.<br \/>\n- Populariz\u0113t Latvijas kult\u016bru un v\u0113sturisko mantojumu starptautisk\u0101 l\u012bmen\u012b.<br \/>\n- Atbalst\u012bt riska grupas jaunie\u0161us un b\u0101re\u0146us, k\u0101 ar\u012b veicin\u0101t sabiedr\u012bbas toleranci pret jaunie\u0161iem ar invalidit\u0101ti.<br \/>\n- Atbalst\u012bt b\u0113rnu namus un v\u0101kt l\u012bdzek\u013cus rehabilit\u0101cijas programm\u0101m.<\/p>\n<p style=\"text-align: justify;\">Festiv\u0101ls jau ir veiksm\u012bgi piedal\u012bjies labdar\u012bbas pas\u0101kumos, sniedzot iesp\u0113ju b\u0101re\u0146iem un jaunie\u0161iem ar ierobe\u017eot\u0101m iesp\u0113j\u0101m piedal\u012bties da\u017e\u0101da veida aktivit\u0101t\u0113s, t\u0101d\u0113j\u0101di veicinot un uzsverot vi\u0146u integr\u0101ciju sabiedr\u012bb\u0101.<\/p>","protected":false},"excerpt":{"rendered":"<p>Riga Symphony is a festival in Latvia that gives participants the chance of gaining an informal musical education on an international level. The international youth instrumental and vocals contest Riga Symphony takes place from the 11 h till the 14 th of December in Riga. The contests main goal is to serve as a platform &#8230; <a title=\"Par festiv\u0101lu Riga Symphony\" class=\"read-more\" href=\"https:\/\/rigasymphony.lv\/lv\/par-festivalu\/\" aria-label=\"Vair\u0101k par festiv\u0101lu Riga Symphony\">Las\u012bt t\u0101l\u0101k<\/a><\/p>","protected":false},"author":2,"featured_media":0,"parent":0,"menu_order":0,"comment_status":"closed","ping_status":"open","template":"","meta":{"_acf_changed":false,"footnotes":""},"class_list":["post-218","page","type-page","status-publish"],"acf":[],"_links":{"self":[{"href":"https:\/\/rigasymphony.lv\/lv\/wp-json\/wp\/v2\/pages\/218","targetHints":{"allow":["GET"]}}],"collection":[{"href":"https:\/\/rigasymphony.lv\/lv\/wp-json\/wp\/v2\/pages"}],"about":[{"href":"https:\/\/rigasymphony.lv\/lv\/wp-json\/wp\/v2\/types\/page"}],"author":[{"embeddable":true,"href":"https:\/\/rigasymphony.lv\/lv\/wp-json\/wp\/v2\/users\/2"}],"replies":[{"embeddable":true,"href":"https:\/\/rigasymphony.lv\/lv\/wp-json\/wp\/v2\/comments?post=218"}],"version-history":[{"count":0,"href":"https:\/\/rigasymphony.lv\/lv\/wp-json\/wp\/v2\/pages\/218\/revisions"}],"wp:attachment":[{"href":"https:\/\/rigasymphony.lv\/lv\/wp-json\/wp\/v2\/media?parent=218"}],"curies":[{"name":"wp","href":"https:\/\/api.w.org\/{rel}","templated":true}]}}