{"id":220,"date":"2015-09-08T07:25:58","date_gmt":"2015-09-08T07:25:58","guid":{"rendered":"http:\/\/test.itdep.lv\/rigasyphony\/?page_id=220&#038;lang=en"},"modified":"2025-10-10T17:10:45","modified_gmt":"2025-10-10T14:10:45","slug":"pieteikuma-veidlapa","status":"publish","type":"page","link":"https:\/\/rigasymphony.lv\/lv\/pieteikuma-veidlapa\/","title":{"rendered":"Pieteikuma veidlapa"},"content":{"rendered":"<p><span style=\"color: #000080;\"><strong>Aizpildiet pieteikuma veidlapu \"Riga Symphony\" 2025.<\/strong><\/span><\/p>\n<p><span style=\"color: #000080;\">Pieteikumus pie\u0146em l\u012bdz 15. oktobrim.<\/span><\/p>\n<p><span style=\"color: #0000ff;\"><a style=\"color: #0000ff;\" href=\"https:\/\/reg.rigasymphony.lv\/\"><strong>Aizpildiet pieteikumu\u00a0<\/strong><\/a><\/span><\/p>\n<p><span style=\"color: #000080;\">P\u0113c veidlapas aizpild\u012b\u0161anas l\u012bdz 01.11.2025. varat veikt izmai\u0146as sav\u0101 person\u012bgaj\u0101 kont\u0101 (atverot iesniegto pieteikumu un noklik\u0161\u0137inot uz pieteikuma numura).<\/span><\/p>\n<div><img decoding=\"async\" class=\"CToWUd\" src=\"https:\/\/mail.google.com\/mail\/e\/1f384\" alt=\"?\" data-image-whitelisted=\"\" data-goomoji=\"1f384\" \/><img decoding=\"async\" class=\"CToWUd\" src=\"https:\/\/mail.google.com\/mail\/e\/1f384\" alt=\"?\" data-image-whitelisted=\"\" data-goomoji=\"1f384\" \/><img decoding=\"async\" class=\"CToWUd\" src=\"https:\/\/mail.google.com\/mail\/e\/1f384\" alt=\"?\" data-image-whitelisted=\"\" data-goomoji=\"1f384\" \/><img decoding=\"async\" class=\"CToWUd\" src=\"https:\/\/mail.google.com\/mail\/e\/1f384\" alt=\"?\" data-image-whitelisted=\"\" data-goomoji=\"1f384\" \/><img decoding=\"async\" class=\"CToWUd\" src=\"https:\/\/mail.google.com\/mail\/e\/1f384\" alt=\"?\" data-image-whitelisted=\"\" data-goomoji=\"1f384\" \/><img decoding=\"async\" class=\"CToWUd\" src=\"https:\/\/mail.google.com\/mail\/e\/1f384\" alt=\"?\" data-image-whitelisted=\"\" data-goomoji=\"1f384\" \/><img decoding=\"async\" class=\"CToWUd\" src=\"https:\/\/mail.google.com\/mail\/e\/1f384\" alt=\"?\" data-image-whitelisted=\"\" data-goomoji=\"1f384\" \/><img decoding=\"async\" class=\"CToWUd\" src=\"https:\/\/mail.google.com\/mail\/e\/1f384\" alt=\"?\" data-image-whitelisted=\"\" data-goomoji=\"1f384\" \/><img decoding=\"async\" class=\"CToWUd\" src=\"https:\/\/mail.google.com\/mail\/e\/1f384\" alt=\"?\" data-image-whitelisted=\"\" data-goomoji=\"1f384\" \/><img decoding=\"async\" class=\"CToWUd\" src=\"https:\/\/mail.google.com\/mail\/e\/1f384\" alt=\"?\" data-image-whitelisted=\"\" data-goomoji=\"1f384\" \/><img decoding=\"async\" class=\"CToWUd\" src=\"https:\/\/mail.google.com\/mail\/e\/1f384\" alt=\"?\" data-image-whitelisted=\"\" data-goomoji=\"1f384\" \/><img decoding=\"async\" class=\"CToWUd\" src=\"https:\/\/mail.google.com\/mail\/e\/1f384\" alt=\"?\" data-image-whitelisted=\"\" data-goomoji=\"1f384\" \/><\/div>\n<p>&nbsp;<\/p>\n<p><span style=\"color: #000080;\"><span style=\"font-size: 16px;\">Dal\u012bbai konkurs\u0101 var pieteikties, aizpildot pieteikuma veidlapu.<\/span><\/span><\/p>\n<p><span style=\"color: #000080;\">Ziemassv\u0113tku koncerts \"SONGS OF ANGELS\" R\u012bgas Sv\u0113t\u0101s Marijas Magdal\u0113nas bazn\u012bc\u0101 ( <a style=\"font-size: 16px; color: #000080;\" tabindex=\"0\" href=\"https:\/\/www.google.com\/maps\/place\/\/data=!4m2!3m1!1s0x46eecfda0101ef8d:0x6f66db2345ccbdbe?sa=X&amp;ved=1t:8290&amp;ictx=111&amp;cshid=1730115586453943\" data-url=\"\/maps\/place\/\/data=!4m2!3m1!1s0x46eecfda0101ef8d:0x6f66db2345ccbdbe?sa=X&amp;ved=2ahUKEwihsf_f_rCJAxWdAhAIHaFCBuEQ4kB6BAgGEAA\" rel=\"noopener\">Klostera iela 2<\/a><span style=\"font-size: 16px;\">) un <\/span><\/span><\/p>\n<p><span style=\"color: #000080;\"><span style=\"font-size: 16px;\">Koncerts \"Ziemassv\u0113tku prel\u016bdija\" - izklaides centr\u0101 Lido ( <\/span><\/span><a tabindex=\"0\" href=\"https:\/\/www.google.com\/maps\/place\/\/data=!4m2!3m1!1s0x46eed1e37fa6714d:0xab4114c1c2d9ad5b?sa=X&amp;ved=1t:8290&amp;ictx=111\" data-url=\"\/maps\/place\/\/data=!4m2!3m1!1s0x46eed1e37fa6714d:0xab4114c1c2d9ad5b?sa=X&amp;ved=2ahUKEwj29avgiLGJAxXSHxAIHeRXOPAQ4kB6BAgYEAA\" rel=\"noopener\">Krasta iela 76<\/a><span style=\"color: #000080;\">) - pozit\u012bvs un jautrs l\u0101di\u0146\u0161.<\/span><\/p>\n<p><span style=\"color: #000080;\"><span style=\"font-size: 16px;\">Koncerta \"Ziemassv\u0113tku prel\u016bdija\" dal\u012bbnieki tiks cien\u0101ti ar sv\u0113tku k\u016bku R\u012bgas Simfoniskais or\u0137estris.<\/span><span style=\"font-size: 16px;\">\u00a0<\/span><\/span><\/p>\n<p><span style=\"color: #000080;\">Dal\u012bbnieku skaits ir ierobe\u017eots! <\/span><\/p>\n<p>&nbsp;<\/p>\n<p><span style=\"color: #333399;\">L\u012bdz 1.11.2025. ir pieejami ar\u012b pieteikumi (kop\u0101 ar galveno pieteikuma veidlapu) \u0161\u0101diem koncertiem:<\/span><\/p>\n<p><span style=\"color: #333399;\">\"E\u0146\u0123e\u013cu dziesmas\" - Ziemassv\u0113tku koncerts Sv\u0113t\u0101s Marijas Magdal\u0113nas bazn\u012bc\u0101 (celta 1290. gad\u0101) Klostera iel\u0101 2.<\/span><\/p>\n<p><span style=\"color: #333399;\">\"Ziemassv\u0113tku prel\u016bdija\" - ener\u0123ijas un sv\u0113tku noska\u0146as piepild\u012bts koncerts izklaides centr\u0101 Lido (Krasta iel\u0101 76).<\/span><\/p>\n<p><span style=\"color: #333399;\">Dal\u012bbnieki \u0161eit tiks cien\u0101ti ar R\u012bgas simfonisk\u0101 or\u0137estra sv\u0113tku k\u016bku.<\/span><\/p>\n<p><span style=\"color: #333399;\">\"SONGS OF ANGELS\" - Ziemassv\u0113tku koncerts Sv\u0113t\u0101s Marijas Magdal\u0113nas bazn\u012bc\u0101.<\/span><br \/>\n<span style=\"color: #333399;\">Ar \u0161o koncertu tradicion\u0101li tiek atkl\u0101ts m\u016bsu R\u012bgas Simfoniskais festiv\u0101ls. Adventes laik\u0101, pirms Ziemassv\u0113tkiem, starptautiskie festiv\u0101la dal\u012bbnieki atska\u0146os ska\u0146darbus, kuriem \u0161aj\u0101 vid\u0113 ir unik\u0101la rezonanse.<\/span><\/p>\n<p><span style=\"color: #333399;\">Koncertu, t\u0101pat k\u0101 visu festiv\u0101lu, atkl\u0101s arhib\u012bskaps Andris Kravalis, kur\u0161 teiks apsveikuma runu un sv\u0113t\u012bs festiv\u0101lu un t\u0101 dal\u012bbniekus.<\/span><br \/>\n<span style=\"color: #333399;\">Pas\u0101kums notiks R\u012bgas vecpils\u0113tas sird\u012b, Sv\u0113t\u0101s Marijas Magdal\u0113nas bazn\u012bc\u0101, kas ir viens no pils\u0113tas simboliskajiem pieminek\u013ciem, un to var\u0113s v\u0113rot tie\u0161raid\u0113 bazn\u012bcas t\u012bmek\u013ca vietn\u0113.<\/span><\/p>\n<p><span style=\"color: #333399;\">P\u0113c koncerta visi dal\u012bbnieki sa\u0146ems d\u0101vanas un tiks aicin\u0101ti uz t\u0113ju un saldumiem.<\/span><\/p>\n<p><strong><span style=\"color: #333399;\">Vietu skaits ir ierobe\u017eots!<\/span><\/strong><\/p>\n<table style=\"border-collapse: collapse; width: 100%;\">\n<tbody>\n<tr>\n<td style=\"width: 25%; text-align: center;\"><a href=\"http:\/\/rigasymphony.lv\/wp-content\/uploads\/2024\/10\/magdalena-3.jpg\"><img fetchpriority=\"high\" decoding=\"async\" class=\"alignnone size-medium wp-image-14067\" src=\"http:\/\/rigasymphony.lv\/wp-content\/uploads\/2024\/10\/magdalena-3-300x225.jpg\" alt=\"\" width=\"300\" height=\"225\" srcset=\"https:\/\/rigasymphony.lv\/wp-content\/uploads\/2024\/10\/magdalena-3-300x225.jpg 300w, https:\/\/rigasymphony.lv\/wp-content\/uploads\/2024\/10\/magdalena-3-600x450.jpg 600w, https:\/\/rigasymphony.lv\/wp-content\/uploads\/2024\/10\/magdalena-3-768x576.jpg 768w, https:\/\/rigasymphony.lv\/wp-content\/uploads\/2024\/10\/magdalena-3-270x203.jpg 270w, https:\/\/rigasymphony.lv\/wp-content\/uploads\/2024\/10\/magdalena-3-160x120.jpg 160w, https:\/\/rigasymphony.lv\/wp-content\/uploads\/2024\/10\/magdalena-3.jpg 800w\" sizes=\"(max-width: 300px) 100vw, 300px\" \/><\/a><\/td>\n<td style=\"width: 25%; text-align: center;\"><a href=\"http:\/\/rigasymphony.lv\/wp-content\/uploads\/2024\/10\/cerkov.jpeg\"><img decoding=\"async\" class=\"alignnone size-medium wp-image-14110\" src=\"http:\/\/rigasymphony.lv\/wp-content\/uploads\/2024\/10\/cerkov-300x269.jpeg\" alt=\"\" width=\"300\" height=\"269\" srcset=\"https:\/\/rigasymphony.lv\/wp-content\/uploads\/2024\/10\/cerkov-300x269.jpeg 300w, https:\/\/rigasymphony.lv\/wp-content\/uploads\/2024\/10\/cerkov-600x538.jpeg 600w, https:\/\/rigasymphony.lv\/wp-content\/uploads\/2024\/10\/cerkov-1024x918.jpeg 1024w, https:\/\/rigasymphony.lv\/wp-content\/uploads\/2024\/10\/cerkov-768x688.jpeg 768w, https:\/\/rigasymphony.lv\/wp-content\/uploads\/2024\/10\/cerkov-1536x1377.jpeg 1536w, https:\/\/rigasymphony.lv\/wp-content\/uploads\/2024\/10\/cerkov-270x242.jpeg 270w, https:\/\/rigasymphony.lv\/wp-content\/uploads\/2024\/10\/cerkov-160x143.jpeg 160w, https:\/\/rigasymphony.lv\/wp-content\/uploads\/2024\/10\/cerkov.jpeg 1600w\" sizes=\"(max-width: 300px) 100vw, 300px\" \/><\/a><\/td>\n<td style=\"width: 25%; text-align: center;\"><a href=\"http:\/\/rigasymphony.lv\/wp-content\/uploads\/2024\/10\/Magdalemas-foto-1.jpg\"><img decoding=\"async\" class=\"alignnone size-medium wp-image-14061\" src=\"http:\/\/rigasymphony.lv\/wp-content\/uploads\/2024\/10\/Magdalemas-foto-1-200x300.jpg\" alt=\"\" width=\"200\" height=\"300\" srcset=\"https:\/\/rigasymphony.lv\/wp-content\/uploads\/2024\/10\/Magdalemas-foto-1-200x300.jpg 200w, https:\/\/rigasymphony.lv\/wp-content\/uploads\/2024\/10\/Magdalemas-foto-1-600x900.jpg 600w, https:\/\/rigasymphony.lv\/wp-content\/uploads\/2024\/10\/Magdalemas-foto-1-180x270.jpg 180w, https:\/\/rigasymphony.lv\/wp-content\/uploads\/2024\/10\/Magdalemas-foto-1-270x405.jpg 270w, https:\/\/rigasymphony.lv\/wp-content\/uploads\/2024\/10\/Magdalemas-foto-1-107x160.jpg 107w, https:\/\/rigasymphony.lv\/wp-content\/uploads\/2024\/10\/Magdalemas-foto-1.jpg 683w\" sizes=\"(max-width: 200px) 100vw, 200px\" \/><\/a><\/td>\n<td style=\"width: 25%; text-align: center;\"><a href=\"http:\/\/rigasymphony.lv\/wp-content\/uploads\/2024\/10\/Lido.jpg\"><img loading=\"lazy\" decoding=\"async\" class=\"alignnone wp-image-14092\" src=\"http:\/\/rigasymphony.lv\/wp-content\/uploads\/2024\/10\/Lido-300x225.jpg\" alt=\"\" width=\"349\" height=\"262\" srcset=\"https:\/\/rigasymphony.lv\/wp-content\/uploads\/2024\/10\/Lido-300x225.jpg 300w, https:\/\/rigasymphony.lv\/wp-content\/uploads\/2024\/10\/Lido-600x450.jpg 600w, https:\/\/rigasymphony.lv\/wp-content\/uploads\/2024\/10\/Lido-768x576.jpg 768w, https:\/\/rigasymphony.lv\/wp-content\/uploads\/2024\/10\/Lido-270x203.jpg 270w, https:\/\/rigasymphony.lv\/wp-content\/uploads\/2024\/10\/Lido-160x120.jpg 160w, https:\/\/rigasymphony.lv\/wp-content\/uploads\/2024\/10\/Lido.jpg 870w\" sizes=\"(max-width: 349px) 100vw, 349px\" \/><\/a><\/td>\n<\/tr>\n<\/tbody>\n<\/table>\n<div><\/div>\n<div><\/div>\n<div><\/div>\n<div><\/div>\n<div><\/div>\n<div><\/div>\n<div><\/div>\n<div><\/div>\n<div><\/div>\n<div><\/div>\n<div><\/div>\n<div>\n<p>&nbsp;<\/p>\n<\/div>","protected":false},"excerpt":{"rendered":"<p>Fill in the application form\u00a0 \u201cRiga Symphony\u201d 2025. Applications are accepted till October 15. Fill the applicattion\u00a0 After completing the form, you can make changes in your personal account (by opening the submitted application and clicking on the application number) until 01.11.2025 &nbsp; You can apply for participation along with the filling the application form. &#8230; <a title=\"Pieteikuma veidlapa\" class=\"read-more\" href=\"https:\/\/rigasymphony.lv\/lv\/pieteikuma-veidlapa\/\" aria-label=\"Las\u012bt vair\u0101k par pieteikuma veidlapu\">Las\u012bt t\u0101l\u0101k<\/a><\/p>","protected":false},"author":2,"featured_media":0,"parent":0,"menu_order":0,"comment_status":"closed","ping_status":"open","template":"","meta":{"_acf_changed":false,"footnotes":""},"class_list":["post-220","page","type-page","status-publish"],"acf":[],"_links":{"self":[{"href":"https:\/\/rigasymphony.lv\/lv\/wp-json\/wp\/v2\/pages\/220","targetHints":{"allow":["GET"]}}],"collection":[{"href":"https:\/\/rigasymphony.lv\/lv\/wp-json\/wp\/v2\/pages"}],"about":[{"href":"https:\/\/rigasymphony.lv\/lv\/wp-json\/wp\/v2\/types\/page"}],"author":[{"embeddable":true,"href":"https:\/\/rigasymphony.lv\/lv\/wp-json\/wp\/v2\/users\/2"}],"replies":[{"embeddable":true,"href":"https:\/\/rigasymphony.lv\/lv\/wp-json\/wp\/v2\/comments?post=220"}],"version-history":[{"count":0,"href":"https:\/\/rigasymphony.lv\/lv\/wp-json\/wp\/v2\/pages\/220\/revisions"}],"wp:attachment":[{"href":"https:\/\/rigasymphony.lv\/lv\/wp-json\/wp\/v2\/media?parent=220"}],"curies":[{"name":"wp","href":"https:\/\/api.w.org\/{rel}","templated":true}]}}