{"id":230,"date":"2015-09-08T07:32:40","date_gmt":"2015-09-08T07:32:40","guid":{"rendered":"http:\/\/test.itdep.lv\/rigasyphony\/?page_id=230&#038;lang=en"},"modified":"2025-10-10T17:10:44","modified_gmt":"2025-10-10T14:10:44","slug":"pirma-lapa","status":"publish","type":"page","link":"https:\/\/rigasymphony.lv\/lv\/pirma-lapa\/","title":{"rendered":"R\u012bgas simfoniskais or\u0137estris - starptautiskais jauno dzied\u0101t\u0101ju konkurss"},"content":{"rendered":"","protected":false},"excerpt":{"rendered":"","protected":false},"author":2,"featured_media":0,"parent":0,"menu_order":0,"comment_status":"closed","ping_status":"open","template":"","meta":{"_acf_changed":false,"footnotes":""},"class_list":["post-230","page","type-page","status-publish"],"acf":[],"_links":{"self":[{"href":"https:\/\/rigasymphony.lv\/lv\/wp-json\/wp\/v2\/pages\/230","targetHints":{"allow":["GET"]}}],"collection":[{"href":"https:\/\/rigasymphony.lv\/lv\/wp-json\/wp\/v2\/pages"}],"about":[{"href":"https:\/\/rigasymphony.lv\/lv\/wp-json\/wp\/v2\/types\/page"}],"author":[{"embeddable":true,"href":"https:\/\/rigasymphony.lv\/lv\/wp-json\/wp\/v2\/users\/2"}],"replies":[{"embeddable":true,"href":"https:\/\/rigasymphony.lv\/lv\/wp-json\/wp\/v2\/comments?post=230"}],"version-history":[{"count":0,"href":"https:\/\/rigasymphony.lv\/lv\/wp-json\/wp\/v2\/pages\/230\/revisions"}],"wp:attachment":[{"href":"https:\/\/rigasymphony.lv\/lv\/wp-json\/wp\/v2\/media?parent=230"}],"curies":[{"name":"wp","href":"https:\/\/api.w.org\/{rel}","templated":true}]}}