{"id":7215,"date":"2019-12-05T12:54:16","date_gmt":"2019-12-05T12:54:16","guid":{"rendered":"http:\/\/rigasymphony.lv\/?page_id=7215"},"modified":"2025-10-10T17:10:27","modified_gmt":"2025-10-10T14:10:27","slug":"privatuma-politika","status":"publish","type":"page","link":"https:\/\/rigasymphony.lv\/lv\/privatuma-politika\/","title":{"rendered":"Konfidencialit\u0101tes politika"},"content":{"rendered":"<p>PRIV\u0100TUMA POLITIKA<\/p>\n<p>Datu p\u0101rzinis ir biedr\u012bba \" EIROPAS M\u016aZIKAS CENTRS JAUNATNEI, BIEDR\u012aBA \" (Biedr\u012bba), kas organiz\u0113 starptautisku vok\u0101lo un m\u016bzikas festiv\u0101lu jaunie\u0161iem \"R\u012aGAS SIMFONIJA\". Ar juridisko adresi Skolas iela 34-16, R\u012bga, Latvija, LV-1010 un juridisk\u0101s personas kodu Nr. 40008244950 .<\/p>\n<p>Galvenie termini:<\/p>\n<p><strong>Personas dati<\/strong> - jebk\u0101du inform\u0101ciju, kas ir saist\u012bta ar identific\u0113tu vai identific\u0113jamu personu (datu subjektu).<\/p>\n<p><strong>Personas datu p\u0101rvald\u012bba<\/strong> - jebkura darb\u012bba ar personas datiem: v\u0101k\u0161ana, rakst\u012b\u0161ana, saglab\u0101\u0161ana, uzkr\u0101\u0161ana, klasific\u0113\u0161ana, grup\u0113\u0161ana, apvieno\u0161ana, main\u012b\u0161ana (pievieno\u0161ana vai redi\u0123\u0113\u0161ana), prezent\u0113\u0161ana, publisko\u0161ana, izmanto\u0161ana, lo\u0123iska vai aritm\u0113tiska darb\u012bba, pazi\u0146o\u0161ana, dz\u0113\u0161ana vai jebkura cita darb\u012bba vai darb\u012bbu kopums.<\/p>\n<p><strong>Dal\u012bbnieks<\/strong>- jebkura inform\u0101cija, kas ir saist\u012bta ar personu (datu subjektu), kuras identit\u0101te ir zin\u0101ma vai kuru var tie\u0161i vai netie\u0161i identific\u0113t, izmantojot identifik\u0101cijas numuru un datu apstr\u0101des sist\u0113m\u0101 pieejamos datus.<\/p>\n<p><strong>Dal\u012bbnieka piekri\u0161ana<\/strong>- Datu subjekts br\u012bvpr\u0101t\u012bgi dod piln\u012bgu piekri\u0161anu personas datu v\u0101k\u0161anai, uztur\u0113\u0161anai un apstr\u0101dei.<\/p>\n<p><strong>Datu p\u0101rvaldnieks<\/strong>- fiziska vai juridiska persona, a\u0123ent\u016bra vai cita organiz\u0101cija, kas patst\u0101v\u012bgi vai kop\u0101 ar cit\u0101m iest\u0101d\u0113m lemj par personas datu v\u0101k\u0161anas m\u0113r\u0137i un l\u012bdzek\u013ciem, ar\u012b nodro\u0161ina piek\u013cuvi datiem.<\/p>\n<p><strong>Pilnvarot\u0101 persona<\/strong>- fiziska vai juridiska persona, valsts iest\u0101de, a\u0123ent\u016bra vai cita organiz\u0101cija, kas veic datu apstr\u0101di Datu p\u0101rzi\u0146a v\u0101rd\u0101.<\/p>\n<p><strong>S\u012bkfaili<\/strong>- neliels datu fragments, kas tiek nos\u016bt\u012bts no Asoci\u0101cijas t\u012bmek\u013ca vietnes un saglab\u0101ts dal\u012bbnieka dator\u0101, viedt\u0101lrun\u012b u.c., kam\u0113r dal\u012bbnieks apmekl\u0113 Asoci\u0101cijas t\u012bmek\u013ca vietni.<\/p>\n<p><strong>Likum\u012bg\u0101s intereses<\/strong>- Juridiskais pamats ir ar\u012b Asoci\u0101cijas le\u0123it\u012bm\u0101s intereses, kuru pamat\u0101 ir kvalitat\u012bvu pakalpojumu snieg\u0161ana, ar nosac\u012bjumu, ka datu subjekta intereses vai pamatties\u012bbas un pamatbr\u012bv\u012bbas nav svar\u012bg\u0101kas par le\u0123it\u012bmaj\u0101m interes\u0113m. Asoci\u0101cijas ties\u012bbas apstr\u0101d\u0101t Dal\u012bbnieka personas datus aprobe\u017eojas ar to, kas ir objekt\u012bvi nepiecie\u0161ams un pietiekams, lai nodro\u0161in\u0101tu savlaic\u012bgu, kvalitat\u012bvu un \u0113rtu pakalpojumu. K\u0101 ar\u012b Asoci\u0101cijas iek\u0161\u0113jo procesu izveidei un atbalstam, lai nov\u0113rstu kr\u0101p\u0161anu pret Asoci\u0101ciju.<\/p>\n<p>Personas datu apstr\u0101de<\/p>\n<p>Asoci\u0101cija v\u0101c, apstr\u0101d\u0101, uzglab\u0101, kop\u012bgo, dz\u0113\u0161 un aizsarg\u0101 Dal\u012bbnieka personas datus saska\u0146\u0101 ar Eiropas Parlamenta un Padomes Regulu (ES) 2016\/679 par fizisku personu aizsardz\u012bbu attiec\u012bb\u0101 uz personas datu apstr\u0101di un \u0161\u0101du datu br\u012bvu apriti.<\/p>\n<p>Saska\u0146\u0101 ar piem\u0113rojamiem ties\u012bbu aktiem un noteikumiem, kas reglament\u0113 personas datu apstr\u0101di, Organiz\u0101cija iev\u0113ro \u0161\u0101dus datu aizsardz\u012bbas principus:<\/p>\n<ul>\n<li>Likum\u012bga, godpr\u0101t\u012bga personas datu apstr\u0101de;<\/li>\n<li>Sa\u0146emto personas datu apstr\u0101de tiek veikta saska\u0146\u0101 ar konkr\u0113tajiem nol\u016bkiem;<\/li>\n<li>Sa\u0146emtie personas dati ir adekv\u0101ti, atbilsto\u0161i;<\/li>\n<li>Sa\u0146emtie personas dati ir prec\u012bzi;<\/li>\n<li>Sa\u0146emtie personas dati netiek glab\u0101ti ilg\u0101k, nek\u0101 nepiecie\u0161ams, un tiek dz\u0113sti, kad m\u0113r\u0137is ir sasniegts;<\/li>\n<li>Personas datu apstr\u0101de tiek veikta, iev\u0113rojot fizisko personu ties\u012bbas;<\/li>\n<li>Dro\u0161a personas datu glab\u0101\u0161ana<\/li>\n<\/ul>\n<ol>\n<li><strong> Konfidencialit\u0101tes politika <\/strong><\/li>\n<\/ol>\n<p>Priv\u0101tuma politika attiecas uz katra Dal\u012bbnieka personas datu apstr\u0101di un Dal\u012bbniekam pied\u0101v\u0101to pakalpojumu. Priv\u0101tuma politik\u0101 ir sniegta inform\u0101cija par to, k\u0101 Organiz\u0101cija v\u0101c, apstr\u0101d\u0101, glab\u0101, kop\u012bgo, dz\u0113\u0161 un aizsarg\u0101 Dal\u012bbnieka personas datus. Organiz\u0101cija nodro\u0161ina Dal\u012bbnieka personas datu likum\u012bgu un godpr\u0101t\u012bgu apstr\u0101di.<\/p>\n<ol start=\"2\">\n<li><strong> Personas datu apstr\u0101des kategorijas<\/strong><\/li>\n<\/ol>\n<p>Asoci\u0101cija apstr\u0101d\u0101 personas datus, kas sa\u0146emti tie\u0161i no datu subjekta (t. i., personas, kas iesniegusi personas datus). Asoci\u0101cijas personas datu apstr\u0101des m\u0113r\u0137i:<\/p>\n<ol>\n<li>Pakalpojumu snieg\u0161ana l\u012bgumsaist\u012bbu ietvaros (tai skait\u0101 pieteikumu apstr\u0101de dal\u012bbai Asoci\u0101cijas organiz\u0113taj\u0101 R\u012bgas Simfoniskaj\u0101 festiv\u0101l\u0101);<\/li>\n<li>Dar\u012bjumu datu apstr\u0101de saska\u0146\u0101 ar likumu \"Par gr\u0101matved\u012bbu\";<\/li>\n<li>Inform\u0101cijas, inform\u0101cijas sist\u0113mu un uz\u0146\u0113mumu dro\u0161\u012bbas nodro\u0161in\u0101\u0161ana;<\/li>\n<li>Asoci\u0101cijas organiz\u0113to sacens\u012bbu dal\u012bbnieku atlase un vad\u012bba;<\/li>\n<li>Asoci\u0101cijas organiz\u0113to sacens\u012bbu kvalit\u0101te;<\/li>\n<li>Inform\u0101cijas snieg\u0161anai valsts p\u0101rvaldes iest\u0101d\u0113m un operat\u012bv\u0101s darb\u012bbas subjektiem \u0101r\u0113jos normat\u012bvajos aktos noteiktajos gad\u012bjumos un apjom\u0101.<\/li>\n<\/ol>\n<p>Asoci\u0101cijas organiz\u0113to pas\u0101kumu laik\u0101 var tikt uz\u0146emti foto un video ieraksti sabiedr\u012bbas inform\u0113\u0161anas nol\u016bkos un Asoci\u0101cijas v\u0113sturisk\u0101 arh\u012bva veido\u0161anai. Biedr\u012bbai ir ties\u012bbas public\u0113t sabiedr\u012bbas inform\u0113\u0161anas nol\u016bkos uz\u0146emtos foto un videoierakstus R\u012bgas Simfonisk\u0101 festiv\u0101la p\u0101rvald\u012btaj\u0101s t\u012bmek\u013ca vietn\u0113s un soci\u0101lo t\u012bklu profilos.<\/p>\n<ol start=\"3\">\n<li><strong> Personas datu apstr\u0101des pamatprincipi<\/strong><\/li>\n<li>Dal\u012bbnieka piekri\u0161ana. Dal\u012bbnieks k\u0101 personas datu subjekts dod savu piekri\u0161anu (subjekta piekri\u0161ana) personas datu v\u0101k\u0161anai un apstr\u0101dei noteiktiem m\u0113r\u0137iem. Piekri\u0161anas atsauk\u0161ana neietekm\u0113 apstr\u0101des likum\u012bbu vai sa\u0146emto pakalpojumu kvalit\u0101ti, kas pamatojas uz piekri\u0161anu pirms atsauk\u0161anas.<\/li>\n<li>Asoci\u0101cijas le\u0123it\u012bm\u0101s intereses, kuru pamat\u0101 ir kvalitat\u012bvu pakalpojumu snieg\u0161ana. Asoci\u0101cijai ir ties\u012bbas apstr\u0101d\u0101t Dal\u012bbnieka personas datus, cikt\u0101l tas ir objekt\u012bvi nepiecie\u0161ams un pietiekams, lai nodro\u0161in\u0101tu savlaic\u012bgu, kvalitat\u012bvu un \u0113rtu pakalpojumu. K\u0101 ar\u012b lai izveidotu un atbalst\u012btu Asoci\u0101cijas iek\u0161\u0113jos procesus.<\/li>\n<li>Asoci\u0101cijas juridisko saist\u012bbu izpilde. Asoci\u0101cijai ir ties\u012bbas apstr\u0101d\u0101t Dal\u012bbnieka personas datus, lai izpild\u012btu normat\u012bvo aktu pras\u012bbas un atbild\u0113tu uz valsts un pa\u0161vald\u012bbu likum\u012bgiem piepras\u012bjumiem.<\/li>\n<li>L\u012bguma nosl\u0113g\u0161ana un izpilde. Lai sniegtu dal\u012bbniekam kvalitat\u012bvus pakalpojumus, Asoci\u0101cija v\u0101c un apstr\u0101d\u0101 noteiktus personas datus, kas tiek v\u0101kti pirms l\u012bguma nosl\u0113g\u0161anas vai l\u012bguma izpildes laik\u0101.<\/li>\n<li><strong> Datu apstr\u0101des m\u0113r\u0137is<\/strong><\/li>\n<li>L\u012bguma nosl\u0113g\u0161ana un izpilde ar Dal\u012bbnieku;<\/li>\n<li>nov\u0113rt\u0113t dal\u012bbnieka sp\u0113ju pild\u012bt l\u012bgumsaist\u012bbas;<\/li>\n<li>Efekt\u012bva naudas pl\u016bsmas p\u0101rvald\u012bba, tostarp Dal\u012bbnieka maks\u0101jumu un par\u0101du administr\u0113\u0161ana;<\/li>\n<li>tehnisk\u0101 atbalsta snieg\u0161ana saist\u012bb\u0101 ar sniegtajiem pakalpojumiem;<\/li>\n<li>Veicin\u0101t nozares att\u012bst\u012bbu un pied\u0101v\u0101t jaunus pakalpojumus;<\/li>\n<li>Statistisko datu apstr\u0101de un anal\u012bze.<\/li>\n<li><strong> Personas datu v\u0101k\u0161ana<\/strong><\/li>\n<li>Asoci\u0101cija ieg\u016bst Dal\u012bbnieka personas datus, ja Dal\u012bbnieks:<\/li>\n<\/ol>\n<ul>\n<li>Re\u0123istr\u0113jies, lai sa\u0146emtu jaunumus no Asoci\u0101cijas t\u012bmek\u013ca vietnes <a href=\"http:\/\/www.rigasymphony.lv\">rigasymphony.lv<\/a>;<\/li>\n<li>Aizpildot anketu Asoci\u0101cijas p\u0101rvald\u012btaj\u0101 t\u012bmek\u013ca vietn\u0113. <a href=\"http:\/\/www.rigasymphony.lv\">rigasymphony.lv<\/a>;<\/li>\n<li>Piedal\u0101s Asoci\u0101cijas r\u012bkotaj\u0101 R\u012bgas simfoni\u0137u konkurs\u0101, kur\u0101 var veikt foto un video ierakstus;<\/li>\n<li>Asoci\u0101cijas p\u0101rvald\u012bt\u0101s t\u012bmek\u013ca vietnes apmekl\u0113\u0161ana vai p\u0101rl\u016bko\u0161ana. <a href=\"http:\/\/www.rigasymphony.lv\">rigasymphony.lv<\/a>;<\/li>\n<\/ul>\n<p>Asoci\u0101cija un t\u0101s pilnvarot\u0101s personas ir ties\u012bgas apstr\u0101d\u0101t Dal\u012bbnieka personas datus, kas sa\u0146emti no tre\u0161aj\u0101m person\u0101m, pamatojoties uz Personas datu aizsardz\u012bbas regulu Nr. 2016\/679, ja Dal\u012bbnieks ir devis savu piekri\u0161anu;<\/p>\n<p>Asoci\u0101cija var b\u016bt da\u017e\u0101du datu apstr\u0101des darb\u012bbu p\u0101rzinis. Lai nodro\u0161in\u0101tu datu subjektu ties\u012bbas uz priv\u0101tumu, Asoci\u0101cija iev\u0113ro konfidencialit\u0101tes principus un stingri ierobe\u017eo personas datu izpau\u0161anu. Tikai Asoci\u0101cijas pilnvarot\u0101s personas ir ties\u012bgas main\u012bt un apstr\u0101d\u0101t personas datus.<\/p>\n<ol start=\"6\">\n<li><strong> Personas datu glab\u0101\u0161anas periods<\/strong><\/li>\n<\/ol>\n<p>Asoci\u0101cija ir ties\u012bga apstr\u0101d\u0101t un glab\u0101t personas datus tik ilgi, kam\u0113r:<\/p>\n<ol>\n<li>Dal\u012bbnieka piekri\u0161ana personas datu apstr\u0101dei tiek atsaukta, bet ne v\u0113l\u0101k k\u0101 1 gadu p\u0113c Dal\u012bbnieka piekri\u0161anas iesnieg\u0161anas dienas.<\/li>\n<li>Personas datu glab\u0101\u0161anas termi\u0146\u0161 ir noteikts normat\u012bvajos aktos;<\/li>\n<li>L\u012bdz br\u012bdim, kad tiek piln\u012bb\u0101 izpild\u012btas l\u012bgumsaist\u012bbas starp Dal\u012bbnieku un Asoci\u0101ciju;<\/li>\n<li>l\u012bdz br\u012bdim, kad ir sasniegts m\u0113r\u0137is (kas noteikts sa\u0146em\u0161anas br\u012bd\u012b), kuram personas dati tiek izmantoti.<\/li>\n<li><strong> Personas datu kop\u012bgo\u0161ana<\/strong><\/li>\n<li>Asoci\u0101cija sniedz Dal\u012bbnieka personas datus tikai t\u0101d\u0101 apjom\u0101, kas ir nepiecie\u0161ams un pietiekams saska\u0146\u0101 ar normat\u012bvo aktu pras\u012bb\u0101m un \u0146emot v\u0113r\u0101 konkr\u0113t\u0101s situ\u0101cijas objekt\u012bvos apst\u0101k\u013cus;<\/li>\n<li>Nepiecie\u0161am\u012bbas gad\u012bjum\u0101 Asoci\u0101cija nodos Dal\u012bbnieka personas datus Asoci\u0101cijas pilnvarot\u0101m person\u0101m saska\u0146\u0101 ar Regulu, pakalpojumu sniedz\u0113jiem, kas iesaist\u012bti Dal\u012bbnieka pas\u016bt\u012bto vai izmantoto produktu un pakalpojumu kvalit\u0101tes nodro\u0161in\u0101\u0161an\u0101 un uzlabo\u0161an\u0101;<\/li>\n<li>Asoci\u0101cija ir ties\u012bga nodot Dal\u012bbnieka personas datus ties\u012bbaizsardz\u012bbas iest\u0101d\u0113m, cit\u0101m valsts un pa\u0161vald\u012bbu iest\u0101d\u0113m, ja to nosaka likums.<\/li>\n<li><strong> Personas datu aizsardz\u012bba<\/strong><\/li>\n<\/ol>\n<p>Lai aizsarg\u0101tu Dal\u012bbnieka personas datus no nesankcion\u0113tas piek\u013cuves, nejau\u0161as nozaud\u0113\u0161anas, izn\u012bcin\u0101\u0161anas vai izpau\u0161anas, Asoci\u0101cija izmanto m\u016bsdien\u012bgas tehnolo\u0123ijas, \u0146emot v\u0113r\u0101 past\u0101vo\u0161os priv\u0101tuma riskus un Asoci\u0101cijas sapr\u0101t\u012bgi pieejamos organizatoriskos, finan\u0161u un tehniskos resursus, piem\u0113ram, datu \u0161ifr\u0113\u0161anu, ugunsm\u016bri, ielau\u0161an\u0101s gad\u012bjumus.<\/p>\n<ol start=\"9\">\n<li><strong> Dal\u012bbnieku ties\u012bbas<\/strong><\/li>\n<\/ol>\n<p>Datu subjekta ties\u012bbas attiecas uz jebkuru fizisku personu, kuras personas datus apstr\u0101d\u0101 Asoci\u0101cija, un t\u0101s attiecas uz j\u016bsu vai jebkuras citas fiziskas personas sniegto personas datu apstr\u0101di Asoci\u0101cijas t\u012bmek\u013ca vietn\u0113, pap\u012bra form\u0101t\u0101 vai pa t\u0101lruni. Datu subjektam ir \u0161\u0101das ties\u012bbas:<\/p>\n<ul>\n<li>Sazinieties ar mums, ja jums ir k\u0101di jaut\u0101jumi par j\u016bsu datu p\u0101rvald\u012bbu, rakstot uz rigasymphony@gmail.com vai uz Asoci\u0101cijas juridisko adresi Skolas iel\u0101 34-16, R\u012bg\u0101, Latvij\u0101, LV-1010.<\/li>\n<li>Ties\u012bbas piek\u013c\u016bt \u0161iem datiem. Ja m\u0113s apstr\u0101d\u0101jam j\u016bsu datus, m\u016bsu pien\u0101kums ir sniegt bezmaksas inform\u0101ciju par j\u016bsu datu apstr\u0101di. Pirms j\u016bsu personas datu iesnieg\u0161anas m\u016bsu pien\u0101kums ir p\u0101rbaud\u012bt j\u016bsu identit\u0101ti, lai nodro\u0161in\u0101tu, ka inform\u0101cija par j\u016bsu datiem netiek nodota tre\u0161\u0101m person\u0101m.<\/li>\n<li>Ja Asoci\u0101cijas saglab\u0101t\u0101 inform\u0101cija ir nepiln\u012bga vai nepareiza, jums ir ties\u012bbas labot jebk\u0101das neprecizit\u0101tes j\u016bsu personas datos.<\/li>\n<li>Ties\u012bbas iebilst pret personas datu apstr\u0101di Asoci\u0101cij\u0101, ja vairs nav pien\u0101kuma tos saglab\u0101t;<\/li>\n<li>Ties\u012bbas piepras\u012bt savu datu dz\u0113\u0161anu, ja Asoci\u0101cija turpina tos glab\u0101t p\u0113c glab\u0101\u0161anas termi\u0146a beig\u0101m, un noteiktos apst\u0101k\u013cos ierobe\u017eot datu apstr\u0101di un\/vai sa\u0146emt Asoci\u0101cijas r\u012bc\u012bb\u0101 eso\u0161\u0101s inform\u0101cijas elektronisk\u0101s kopijas.<\/li>\n<\/ul>\n<p>J\u016bs varat piepras\u012bt \u0161o ties\u012bbu \u012bsteno\u0161anu, sazinoties ar Biedr\u012bbu, rakstot uz rigasymphony@gmail.com vai uz Biedr\u012bbas juridisko adresi Skolas iel\u0101 34-16, R\u012bg\u0101, Latvij\u0101, LV-1010, un m\u0113s izpild\u012bsim visus piepras\u012bjum\u0101 nor\u0101d\u012btos labojumus, cikt\u0101l tas atbilst sp\u0113k\u0101 eso\u0161ajiem noteikumiem un profesion\u0101lajiem standartiem.<\/p>\n<ol start=\"10\">\n<li><strong> Politika un t\u0101s der\u012bgums<\/strong><\/li>\n<\/ol>\n<p>Asoci\u0101cija str\u0101d\u0101, lai aizsarg\u0101tu j\u016bsu personisk\u0101s inform\u0101cijas konfidencialit\u0101ti. Ja jums ir k\u0101di jaut\u0101jumi vai koment\u0101ri par j\u016bsu personiski identific\u0113jam\u0101s inform\u0101cijas p\u0101rvald\u012bbu, l\u016bdzu, sazinieties ar mums pa e-pastu rigasymphony@gmail.com vai pa Asoci\u0101cijas juridisko adresi Skolas iel\u0101 34-16, R\u012bg\u0101, Latvij\u0101, LV-1010.<\/p>\n<p>\u0160o kontaktinform\u0101ciju var izmantot ar\u012b, lai zi\u0146otu par jebk\u0101diem jaut\u0101jumiem, kas jums var\u0113tu rasties saist\u012bb\u0101 ar m\u016bsu Konfidencialit\u0101tes pazi\u0146ojuma iev\u0113ro\u0161anu.<\/p>\n<p>Atbildi sa\u0146emsiet viena m\u0113ne\u0161a laik\u0101 p\u0113c e-pasta sa\u0146em\u0161anas. Ja j\u016bsu jaut\u0101jums ir sare\u017e\u0123\u012bts vai m\u0113s sa\u0146emam daudz jaut\u0101jumu, m\u0113s j\u016bs inform\u0113sim, ka j\u016bsu jaut\u0101juma atrisin\u0101\u0161anai ir nepiecie\u0161ams vair\u0101k nek\u0101 viens m\u0113nesis, un m\u0113s to izskat\u012bsim tr\u012bs m\u0113ne\u0161u laik\u0101 p\u0113c jaut\u0101juma pirm\u0101s iesnieg\u0161anas.<\/p>\n<p>Vienlaikus j\u016bs paturat ties\u012bbas iesniegt s\u016bdz\u012bbu Latvijas Datu aizsardz\u012bbas inspekcijai (<a href=\"http:\/\/www.dvi.gov.lv\" rel=\"noopener\">http:\/\/www.dvi.gov.lv<\/a>).<\/p>\n<ol start=\"11\">\n<li><strong> Tre\u0161o pu\u0161u s\u012bkfaili<\/strong><\/li>\n<\/ol>\n<p>Asoci\u0101cijas t\u012bmek\u013ca vietn\u0113 www.rigasymphony.lv var b\u016bt tre\u0161o pu\u0161u s\u012bkfaili, piem\u0113ram, google analytics.<\/p>\n<p>Google Analytics r\u012bku nodro\u0161ina uz\u0146\u0113mums Google Inc. (ASV uz\u0146\u0113mums), kam ir piek\u013cuve \u0161\u0101 r\u012bka apkopotajai statistikai. Uz\u0146\u0113mums Google Inc. ir pievienojies Eiropas Savien\u012bbas (ES) un Amerikas Savienoto Valstu (ASV) priv\u0101tuma principiem, ES un ASV priv\u0101tuma deklar\u0101cijai, kas apliecina, ka pakalpojumu sniedz\u0113js iev\u0113ro ES noteiktos priv\u0101tuma standartus. Uz \u0161o pakalpojumu sniedz\u0113ju attiecas ar\u012b l\u012bgumsaist\u012bbas aizsarg\u0101t priv\u0101tumu.<\/p>\n<p><strong>S\u012bkfailu kontrole<\/strong><\/p>\n<p>Datu subjekts var dz\u0113st s\u012bkfailus p\u0113c savas izv\u0113les (s\u012bk\u0101ku inform\u0101ciju skat\u012bt www.AboutCookies.org un\/vai www.youronlinechoices.com).<\/p>\n<p>&nbsp;<\/p>\n<h1 class=\"underline\">Iesp\u0113jam\u0101s maks\u0101jumu iesp\u0113jas<\/h1>\n<div class=\"limited counter\">\n<h3>J\u016bs varat samaks\u0101t par pirkumu:<\/h3>\n<ol class=\"decimal\">\n<li>ar maks\u0101jumu karti<\/li>\n<li>caur internetbanku<\/li>\n<li>ar p\u0101rskait\u012bjumu uz m\u016bsu kontu<\/li>\n<\/ol>\n<hr \/>\n<h2 id=\"creditcard\" class=\"counter-level-1\">Maks\u0101jums ar maks\u0101jumu karti<\/h2>\n<ol class=\"alpha\">\n<li>maks\u0101jums tiek veikts, veicot pirkumu tie\u0161saist\u0113 internet\u0101 ar \u0161\u0101d\u0101m maks\u0101jumu kart\u0113m:<img decoding=\"async\" src=\"https:\/\/www.elkor.lv\/media\/wysiwyg\/131211_kred_karti\/cards.png\" alt=\"kartes\" \/><\/li>\n<\/ol>\n<h2 id=\"ibank\" class=\"counter-level-1\">Maks\u0101jums ar internetbankas starpniec\u012bbu<\/h2>\n<p>Pas\u016bt\u012bto pre\u010du apmaksa Internetbank\u0101. P\u0113c pas\u016bt\u012bjuma apstiprin\u0101\u0161anas j\u016bs tiksiet novirz\u012bts uz internetbankas t\u012bmek\u013ca vietni. Maks\u0101juma r\u012bkojums tiks \u0123ener\u0113ts autom\u0101tiski.<\/p>\n<h2 id=\"transition\" class=\"counter-level-1\">Maks\u0101jums ar bankas p\u0101rskait\u012bjumu<\/h2>\n<p>Maks\u0101jumu ar p\u0101rskait\u012bjumu var veikt jebkur\u0101 bank\u0101. Fiziskai personai, veicot maks\u0101jumu, ail\u0113 \"Piez\u012bmes\" j\u0101nor\u0101da r\u012bkojuma numurs.  Pirkums tiks uzskat\u012bts par apmaks\u0101tu p\u0113c tam, kad nauda tiks ieskait\u012bta interneta veikala nor\u0113\u0137inu kont\u0101. Pas\u016bt\u012bt\u0101 prece tiek rezerv\u0113ta noliktav\u0101 l\u012bdz br\u012bdim, kad tiek sa\u0146emti naudas l\u012bdzek\u013ci.<\/p>\n<\/div>\n<p>Maks\u0101jumu apstr\u0101di nodro\u0161ina maks\u0101jumu platforma makecommerce.lv, t\u0101p\u0113c m\u016bsu uz\u0146\u0113mums nodod maks\u0101jumu veik\u0161anai nepiecie\u0161amos personas datus platformas \u012bpa\u0161niekam Maksekeskus AS.<\/p>\n<p>&nbsp;<\/p>\n<p>&nbsp;<\/p>","protected":false},"excerpt":{"rendered":"<p>PRIVACY POLICY The data controller is Association \u201c EUROPEAN CENTRE OF MUSIC FOR YOUTH, BIEDR\u012aBA \u201d (the Association), which organises international vocal and music festival for youth \u201cRIGA SYMPHONY\u201d. With the legal address of registration Skolas street 34-16, Riga, Latvia, LV-1010 and the legal entity code Nr. 40008244950 . Main terms: Personal data \u2013 any &#8230; <a title=\"Konfidencialit\u0101tes politika\" class=\"read-more\" href=\"https:\/\/rigasymphony.lv\/lv\/privatuma-politika\/\" aria-label=\"Uzziniet vair\u0101k par konfidencialit\u0101tes politiku\">Las\u012bt t\u0101l\u0101k<\/a><\/p>","protected":false},"author":1,"featured_media":0,"parent":0,"menu_order":0,"comment_status":"closed","ping_status":"closed","template":"","meta":{"_acf_changed":false,"footnotes":""},"class_list":["post-7215","page","type-page","status-publish"],"acf":[],"_links":{"self":[{"href":"https:\/\/rigasymphony.lv\/lv\/wp-json\/wp\/v2\/pages\/7215","targetHints":{"allow":["GET"]}}],"collection":[{"href":"https:\/\/rigasymphony.lv\/lv\/wp-json\/wp\/v2\/pages"}],"about":[{"href":"https:\/\/rigasymphony.lv\/lv\/wp-json\/wp\/v2\/types\/page"}],"author":[{"embeddable":true,"href":"https:\/\/rigasymphony.lv\/lv\/wp-json\/wp\/v2\/users\/1"}],"replies":[{"embeddable":true,"href":"https:\/\/rigasymphony.lv\/lv\/wp-json\/wp\/v2\/comments?post=7215"}],"version-history":[{"count":0,"href":"https:\/\/rigasymphony.lv\/lv\/wp-json\/wp\/v2\/pages\/7215\/revisions"}],"wp:attachment":[{"href":"https:\/\/rigasymphony.lv\/lv\/wp-json\/wp\/v2\/media?parent=7215"}],"curies":[{"name":"wp","href":"https:\/\/api.w.org\/{rel}","templated":true}]}}