{"id":20075,"date":"2025-09-16T17:17:52","date_gmt":"2025-09-16T15:17:52","guid":{"rendered":"https:\/\/rigasymphony.lv\/product\/solo-participation-fee\/"},"modified":"2025-09-22T10:19:24","modified_gmt":"2025-09-22T08:19:24","slug":"individuala-dalibas-maksa","status":"publish","type":"product","link":"https:\/\/rigasymphony.lv\/lv\/products\/individuala-dalibas-maksa\/","title":{"rendered":"Solo dal\u012bbas maksa"},"content":{"rendered":"<p>Solo vien\u0101 nomin\u0101cij\u0101 (j\u0101apmaks\u0101 l\u012bdz 01.11.)<\/p>","protected":false},"excerpt":{"rendered":"<p>Dal\u012bba vien\u0101 nomin\u0101cij\u0101 atsevi\u0161\u0137i<\/p>","protected":false},"featured_media":0,"template":"","meta":{"_acf_changed":false},"product_brand":[],"product_cat":[187],"product_tag":[],"class_list":{"0":"post-20075","1":"product","2":"type-product","3":"status-publish","5":"product_cat-riga-symphony-2025","7":"first","8":"instock","9":"virtual","10":"purchasable","11":"product-type-simple"},"acf":[],"_links":{"self":[{"href":"https:\/\/rigasymphony.lv\/lv\/wp-json\/wp\/v2\/product\/20075","targetHints":{"allow":["GET"]}}],"collection":[{"href":"https:\/\/rigasymphony.lv\/lv\/wp-json\/wp\/v2\/product"}],"about":[{"href":"https:\/\/rigasymphony.lv\/lv\/wp-json\/wp\/v2\/types\/product"}],"wp:attachment":[{"href":"https:\/\/rigasymphony.lv\/lv\/wp-json\/wp\/v2\/media?parent=20075"}],"wp:term":[{"taxonomy":"product_brand","embeddable":true,"href":"https:\/\/rigasymphony.lv\/lv\/wp-json\/wp\/v2\/product_brand?post=20075"},{"taxonomy":"product_cat","embeddable":true,"href":"https:\/\/rigasymphony.lv\/lv\/wp-json\/wp\/v2\/product_cat?post=20075"},{"taxonomy":"product_tag","embeddable":true,"href":"https:\/\/rigasymphony.lv\/lv\/wp-json\/wp\/v2\/product_tag?post=20075"}],"curies":[{"name":"wp","href":"https:\/\/api.w.org\/{rel}","templated":true}]}}