{"id":20081,"date":"2025-09-16T17:17:52","date_gmt":"2025-09-16T15:17:52","guid":{"rendered":"https:\/\/rigasymphony.lv\/product\/festival-concerts-fee\/"},"modified":"2025-09-20T16:51:51","modified_gmt":"2025-09-20T14:51:51","slug":"festivala-koncertu-maksa","status":"publish","type":"product","link":"https:\/\/rigasymphony.lv\/lv\/products\/festivala-koncertu-maksa\/","title":{"rendered":"Festiv\u0101la koncertu maksa"},"content":{"rendered":"<p>Dal\u012bba festiv\u0101la koncertos (Sv. Magdal\u0113nas bazn\u012bca, LIDO) (apmaksa l\u012bdz 01.11.)<\/p>","protected":false},"excerpt":{"rendered":"<p>Dal\u012bba festiv\u0101la koncertos<\/p>","protected":false},"featured_media":0,"template":"","meta":{"_acf_changed":false},"product_brand":[],"product_cat":[187],"product_tag":[],"class_list":{"0":"post-20081","1":"product","2":"type-product","3":"status-publish","5":"product_cat-riga-symphony-2025","7":"first","8":"instock","9":"virtual","10":"purchasable","11":"product-type-simple"},"acf":[],"_links":{"self":[{"href":"https:\/\/rigasymphony.lv\/lv\/wp-json\/wp\/v2\/product\/20081","targetHints":{"allow":["GET"]}}],"collection":[{"href":"https:\/\/rigasymphony.lv\/lv\/wp-json\/wp\/v2\/product"}],"about":[{"href":"https:\/\/rigasymphony.lv\/lv\/wp-json\/wp\/v2\/types\/product"}],"wp:attachment":[{"href":"https:\/\/rigasymphony.lv\/lv\/wp-json\/wp\/v2\/media?parent=20081"}],"wp:term":[{"taxonomy":"product_brand","embeddable":true,"href":"https:\/\/rigasymphony.lv\/lv\/wp-json\/wp\/v2\/product_brand?post=20081"},{"taxonomy":"product_cat","embeddable":true,"href":"https:\/\/rigasymphony.lv\/lv\/wp-json\/wp\/v2\/product_cat?post=20081"},{"taxonomy":"product_tag","embeddable":true,"href":"https:\/\/rigasymphony.lv\/lv\/wp-json\/wp\/v2\/product_tag?post=20081"}],"curies":[{"name":"wp","href":"https:\/\/api.w.org\/{rel}","templated":true}]}}