{"id":20082,"date":"2025-09-16T17:17:52","date_gmt":"2025-09-16T15:17:52","guid":{"rendered":"https:\/\/rigasymphony.lv\/product\/change-fee\/"},"modified":"2025-09-20T16:51:51","modified_gmt":"2025-09-20T14:51:51","slug":"izmainu-maksa","status":"publish","type":"product","link":"https:\/\/rigasymphony.lv\/lv\/products\/izmainu-maksa\/","title":{"rendered":"Maksa par izmai\u0146\u0101m"},"content":{"rendered":"<p>Maksa par vis\u0101m izmai\u0146\u0101m (no 01.11 - 01.12)<\/p>","protected":false},"excerpt":{"rendered":"<p>Maksa par re\u0123istr\u0101cijas izmai\u0146\u0101m<\/p>","protected":false},"featured_media":0,"template":"","meta":{"_acf_changed":false},"product_brand":[],"product_cat":[187],"product_tag":[],"class_list":{"0":"post-20082","1":"product","2":"type-product","3":"status-publish","5":"product_cat-riga-symphony-2025","7":"first","8":"instock","9":"virtual","10":"purchasable","11":"product-type-simple"},"acf":[],"_links":{"self":[{"href":"https:\/\/rigasymphony.lv\/lv\/wp-json\/wp\/v2\/product\/20082","targetHints":{"allow":["GET"]}}],"collection":[{"href":"https:\/\/rigasymphony.lv\/lv\/wp-json\/wp\/v2\/product"}],"about":[{"href":"https:\/\/rigasymphony.lv\/lv\/wp-json\/wp\/v2\/types\/product"}],"wp:attachment":[{"href":"https:\/\/rigasymphony.lv\/lv\/wp-json\/wp\/v2\/media?parent=20082"}],"wp:term":[{"taxonomy":"product_brand","embeddable":true,"href":"https:\/\/rigasymphony.lv\/lv\/wp-json\/wp\/v2\/product_brand?post=20082"},{"taxonomy":"product_cat","embeddable":true,"href":"https:\/\/rigasymphony.lv\/lv\/wp-json\/wp\/v2\/product_cat?post=20082"},{"taxonomy":"product_tag","embeddable":true,"href":"https:\/\/rigasymphony.lv\/lv\/wp-json\/wp\/v2\/product_tag?post=20082"}],"curies":[{"name":"wp","href":"https:\/\/api.w.org\/{rel}","templated":true}]}}