{"id":20492,"date":"2025-09-22T10:20:56","date_gmt":"2025-09-22T08:20:56","guid":{"rendered":"https:\/\/rigasymphony.lv\/?post_type=product&#038;p=20492"},"modified":"2025-09-22T13:42:40","modified_gmt":"2025-09-22T11:42:40","slug":"vienvietiga-apmesanas-vieta","status":"publish","type":"product","link":"https:\/\/rigasymphony.lv\/lv\/products\/vienvietiga-apmesanas-vieta\/","title":{"rendered":"Piemaksa par vienviet\u012bgu naktsm\u012btni"},"content":{"rendered":"<p>Viesiem, kas nak\u0161\u0146o vienviet\u012bg\u0101 numur\u0101, ir j\u0101maks\u0101 papildu maksa 25,00 \u20ac dien\u0101.<\/p>","protected":false},"excerpt":{"rendered":"<p><span dir=\"auto\" style=\"vertical-align: inherit;\"><span dir=\"auto\" style=\"vertical-align: inherit;\">&#8211;<\/span><\/span><\/p>","protected":false},"featured_media":0,"template":"","meta":{"_acf_changed":false},"product_brand":[],"product_cat":[187],"product_tag":[],"class_list":{"0":"post-20492","1":"product","2":"type-product","3":"status-publish","5":"product_cat-riga-symphony-2025","7":"first","8":"instock","9":"virtual","10":"purchasable","11":"product-type-simple"},"acf":[],"_links":{"self":[{"href":"https:\/\/rigasymphony.lv\/lv\/wp-json\/wp\/v2\/product\/20492","targetHints":{"allow":["GET"]}}],"collection":[{"href":"https:\/\/rigasymphony.lv\/lv\/wp-json\/wp\/v2\/product"}],"about":[{"href":"https:\/\/rigasymphony.lv\/lv\/wp-json\/wp\/v2\/types\/product"}],"wp:attachment":[{"href":"https:\/\/rigasymphony.lv\/lv\/wp-json\/wp\/v2\/media?parent=20492"}],"wp:term":[{"taxonomy":"product_brand","embeddable":true,"href":"https:\/\/rigasymphony.lv\/lv\/wp-json\/wp\/v2\/product_brand?post=20492"},{"taxonomy":"product_cat","embeddable":true,"href":"https:\/\/rigasymphony.lv\/lv\/wp-json\/wp\/v2\/product_cat?post=20492"},{"taxonomy":"product_tag","embeddable":true,"href":"https:\/\/rigasymphony.lv\/lv\/wp-json\/wp\/v2\/product_tag?post=20492"}],"curies":[{"name":"wp","href":"https:\/\/api.w.org\/{rel}","templated":true}]}}