{"id":20760,"date":"2025-09-28T10:29:18","date_gmt":"2025-09-28T08:29:18","guid":{"rendered":"https:\/\/rigasymphony.lv\/?post_type=product&#038;p=20760"},"modified":"2025-09-28T11:34:00","modified_gmt":"2025-09-28T09:34:00","slug":"latvijas-mfa-vizas-registracija","status":"publish","type":"product","link":"https:\/\/rigasymphony.lv\/lv\/products\/latvijas-mfa-vizas-registracija\/","title":{"rendered":"Latvijas \u0100rlietu ministrija V\u012bzu re\u0123istr\u0101cija"},"content":{"rendered":"<p>Latvijas \u0100rlietu ministrijas v\u012bzu re\u0123istr\u0101cija  \u2013 j\u0101aizpilda pieteikuma veidlapu.<\/p>","protected":false},"excerpt":{"rendered":"<p><span dir=\"auto\" style=\"vertical-align: inherit;\"><span dir=\"auto\" style=\"vertical-align: inherit;\">&#8211;<\/span><\/span><\/p>","protected":false},"featured_media":0,"template":"","meta":{"_acf_changed":false},"product_brand":[],"product_cat":[187],"product_tag":[],"class_list":{"0":"post-20760","1":"product","2":"type-product","3":"status-publish","5":"product_cat-riga-symphony-2025","7":"first","8":"instock","9":"virtual","10":"purchasable","11":"product-type-simple"},"acf":[],"_links":{"self":[{"href":"https:\/\/rigasymphony.lv\/lv\/wp-json\/wp\/v2\/product\/20760","targetHints":{"allow":["GET"]}}],"collection":[{"href":"https:\/\/rigasymphony.lv\/lv\/wp-json\/wp\/v2\/product"}],"about":[{"href":"https:\/\/rigasymphony.lv\/lv\/wp-json\/wp\/v2\/types\/product"}],"wp:attachment":[{"href":"https:\/\/rigasymphony.lv\/lv\/wp-json\/wp\/v2\/media?parent=20760"}],"wp:term":[{"taxonomy":"product_brand","embeddable":true,"href":"https:\/\/rigasymphony.lv\/lv\/wp-json\/wp\/v2\/product_brand?post=20760"},{"taxonomy":"product_cat","embeddable":true,"href":"https:\/\/rigasymphony.lv\/lv\/wp-json\/wp\/v2\/product_cat?post=20760"},{"taxonomy":"product_tag","embeddable":true,"href":"https:\/\/rigasymphony.lv\/lv\/wp-json\/wp\/v2\/product_tag?post=20760"}],"curies":[{"name":"wp","href":"https:\/\/api.w.org\/{rel}","templated":true}]}}